{"id":1003,"date":"2025-05-13T22:05:43","date_gmt":"2025-05-13T20:05:43","guid":{"rendered":"http:\/\/thysc-multi-lyngue\/eine-spende-machen\/"},"modified":"2025-10-08T23:50:42","modified_gmt":"2025-10-08T21:50:42","slug":"eine-spende-machen","status":"publish","type":"page","link":"https:\/\/thysc.ch\/de\/eine-spende-machen\/","title":{"rendered":"Eine Spende machen"},"content":{"rendered":"<p>[et_pb_section fb_built=&#8220;1&#8243; admin_label=&#8220;Header&#8220; _builder_version=&#8220;4.27.4&#8243; _module_preset=&#8220;default&#8220; use_background_color_gradient=&#8220;on&#8220; background_color_gradient_stops=&#8220;#d8d9dd 0%|rgba(223,226,231,0.8) 40%&#8220; background_color_gradient_overlays_image=&#8220;on&#8220; background_image=&#8220;https:\/\/thysc.ch\/wp-content\/uploads\/2025\/03\/JCachemaille20220705141451.jpg&#8220; custom_padding=&#8220;0px||0px||true|false&#8220; locked=&#8220;off&#8220; collapsed=&#8220;on&#8220; global_colors_info=&#8220;{}&#8220;][et_pb_row _builder_version=&#8220;4.19.2&#8243; _module_preset=&#8220;default&#8220; positioning=&#8220;absolute&#8220; position_origin_a=&#8220;top_right&#8220; custom_padding=&#8220;0px||||false|false&#8220; global_colors_info=&#8220;{}&#8220;][et_pb_column type=&#8220;4_4&#8243; _builder_version=&#8220;4.19.2&#8243; _module_preset=&#8220;default&#8220; global_colors_info=&#8220;{}&#8220;][et_pb_image src=&#8220;https:\/\/thysc.ch\/wp-content\/uploads\/2025\/04\/civil-engineering-23.png&#8220; title_text=&#8220;civil-engineering-23&#8243; align=&#8220;right&#8220; _builder_version=&#8220;4.19.2&#8243; _module_preset=&#8220;default&#8220; width=&#8220;55%&#8220; locked=&#8220;off&#8220; global_colors_info=&#8220;{}&#8220;][\/et_pb_image][\/et_pb_column][\/et_pb_row][et_pb_row column_structure=&#8220;2_5,3_5&#8243; make_equal=&#8220;on&#8220; _builder_version=&#8220;4.19.2&#8243; _module_preset=&#8220;default&#8220; custom_padding=&#8220;0px||0px||false|false&#8220; global_colors_info=&#8220;{}&#8220;][et_pb_column type=&#8220;2_5&#8243; _builder_version=&#8220;4.19.2&#8243; _module_preset=&#8220;default&#8220; custom_padding=&#8220;4vw||4vw||true|false&#8220; custom_padding_tablet=&#8220;||||false|false&#8220; custom_padding_phone=&#8220;60px||||false|false&#8220; custom_padding_last_edited=&#8220;off|desktop&#8220; global_colors_info=&#8220;{}&#8220;][et_pb_text _builder_version=&#8220;4.27.4&#8243; _module_preset=&#8220;a5372702-5325-42f6-a22d-f49c60c1c2ee&#8220; header_font=&#8220;Libre Baskerville|700|||||||&#8220; header_font_size=&#8220;50px&#8220; custom_margin=&#8220;|-141px||||&#8220; custom_margin_tablet=&#8220;|-141px||||&#8220; custom_margin_phone=&#8220;14%|-141px|-6%||false|false&#8220; custom_margin_last_edited=&#8220;on|phone&#8220; header_font_size_tablet=&#8220;50px&#8220; header_font_size_phone=&#8220;30px&#8220; header_font_size_last_edited=&#8220;on|phone&#8220; global_colors_info=&#8220;{}&#8220;]<\/p>\n<h1>Eine Spende machen<\/h1>\n<p>[\/et_pb_text][\/et_pb_column][et_pb_column type=&#8220;3_5&#8243; _builder_version=&#8220;4.19.2&#8243; _module_preset=&#8220;default&#8220; global_colors_info=&#8220;{}&#8220;][et_pb_image src=&#8220;https:\/\/thysc.ch\/wp-content\/uploads\/2025\/04\/civil-engineering-24.png&#8220; title_text=&#8220;civil-engineering-24&#8243; _builder_version=&#8220;4.27.4&#8243; _module_preset=&#8220;default&#8220; positioning=&#8220;absolute&#8220; position_origin_a=&#8220;bottom_left&#8220; width=&#8220;56%&#8220; width_tablet=&#8220;56%&#8220; width_phone=&#8220;57%&#8220; width_last_edited=&#8220;on|phone&#8220; custom_margin=&#8220;||-9%||false|false&#8220; custom_margin_tablet=&#8220;||||false|false&#8220; custom_margin_phone=&#8220;||-9%|33%|false|false&#8220; custom_margin_last_edited=&#8220;on|phone&#8220; global_colors_info=&#8220;{}&#8220;][\/et_pb_image][\/et_pb_column][\/et_pb_row][\/et_pb_section][et_pb_section fb_built=&#8220;1&#8243; _builder_version=&#8220;4.27.4&#8243; _module_preset=&#8220;default&#8220; global_colors_info=&#8220;{}&#8220;][et_pb_row _builder_version=&#8220;4.27.4&#8243; _module_preset=&#8220;default&#8220; custom_padding=&#8220;||0px||false|false&#8220; global_colors_info=&#8220;{}&#8220;][et_pb_column type=&#8220;4_4&#8243; _builder_version=&#8220;4.27.4&#8243; _module_preset=&#8220;default&#8220; global_colors_info=&#8220;{}&#8220;][et_pb_text _builder_version=&#8220;4.27.4&#8243; _module_preset=&#8220;default&#8220; global_colors_info=&#8220;{}&#8220;]<\/p>\n<h3 style=\"text-align: left;\"><strong>M\u00f6chten Sie unserer Genossenschaft eine Spende machen ?<\/strong><\/h3>\n<p>[\/et_pb_text][\/et_pb_column][\/et_pb_row][et_pb_row _builder_version=&#8220;4.27.4&#8243; _module_preset=&#8220;default&#8220; custom_padding=&#8220;||0px||false|false&#8220; global_colors_info=&#8220;{}&#8220;][et_pb_column type=&#8220;4_4&#8243; _builder_version=&#8220;4.27.4&#8243; _module_preset=&#8220;default&#8220; global_colors_info=&#8220;{}&#8220;][et_pb_text _builder_version=&#8220;4.27.4&#8243; _module_preset=&#8220;default&#8220; global_colors_info=&#8220;{}&#8220;]<\/p>\n<p>Sie k\u00f6nnen den Betrag Ihrer Spende wie folgt \u00fcberweisen :<br \/><span style=\"text-decoration: underline;\"><strong><\/strong><\/span><\/p>\n<p>&nbsp;<\/p>\n<h5><span style=\"text-decoration: underline;\"><strong>Von einem Schweizer Bankkonto aus<\/strong><\/span><\/h5>\n<p><span style=\"text-decoration: underline;\"><strong><\/strong><\/span><\/p>\n<p>1) T\u00e4tigen Sie eine \u00dcberweisung auf unser Konto unter Verwendung der folgenden Bankdaten:<\/p>\n<p>[\/et_pb_text][\/et_pb_column][\/et_pb_row][et_pb_row column_structure=&#8220;1_4,3_4&#8243; _builder_version=&#8220;4.27.4&#8243; _module_preset=&#8220;default&#8220; global_colors_info=&#8220;{}&#8220;][et_pb_column type=&#8220;1_4&#8243; _builder_version=&#8220;4.27.4&#8243; _module_preset=&#8220;default&#8220; global_colors_info=&#8220;{}&#8220;][et_pb_text _builder_version=&#8220;4.27.4&#8243; _module_preset=&#8220;default&#8220; global_colors_info=&#8220;{}&#8220;]<\/p>\n<p>Unsere IBAN :<br \/>Entspricht :<br \/>Beg\u00fcnstigter :<\/p>\n<p>[\/et_pb_text][\/et_pb_column][et_pb_column type=&#8220;3_4&#8243; _builder_version=&#8220;4.27.4&#8243; _module_preset=&#8220;default&#8220; global_colors_info=&#8220;{}&#8220;][et_pb_text _builder_version=&#8220;4.27.4&#8243; _module_preset=&#8220;default&#8220; global_colors_info=&#8220;{}&#8220;]<\/p>\n<p>CH87 8080 8007 7400 0257 0<br \/>\n  <span>Banque Raiffeisen Mont-Aubert Orbe, En Chamard 41C, 1442 Montagny-pr\u00e8s-Yverdon<\/span><br \/>\n  <br \/>Train Historique Yverdon &#8211; Sainte-Croix soci\u00e9t\u00e9 coop\u00e9rative, Rue de la Mauguettaz 4, 1462 Yvonand\n<\/p>\n<p>[\/et_pb_text][\/et_pb_column][\/et_pb_row][et_pb_row _builder_version=&#8220;4.27.4&#8243; _module_preset=&#8220;default&#8220; custom_padding=&#8220;||0px||false|false&#8220; global_colors_info=&#8220;{}&#8220;][et_pb_column type=&#8220;4_4&#8243; _builder_version=&#8220;4.27.4&#8243; _module_preset=&#8220;default&#8220; global_colors_info=&#8220;{}&#8220;][et_pb_text _builder_version=&#8220;4.27.4&#8243; _module_preset=&#8220;default&#8220; global_colors_info=&#8220;{}&#8220;]<\/p>\n<h5><span style=\"text-decoration: underline;\"><strong>Mittels einer INTERNATIONALEN Bank\u00fcberweisung<\/strong><\/span><\/h5>\n<p><span style=\"text-decoration: underline;\"><strong><\/strong><\/span><\/p>\n<p>1) T\u00e4tigen Sie eine \u00dcberweisung auf unser Konto unter Verwendung der folgenden Bankdaten:<\/p>\n<p>[\/et_pb_text][\/et_pb_column][\/et_pb_row][et_pb_row column_structure=&#8220;1_4,3_4&#8243; _builder_version=&#8220;4.27.4&#8243; _module_preset=&#8220;default&#8220; global_colors_info=&#8220;{}&#8220;][et_pb_column type=&#8220;1_4&#8243; _builder_version=&#8220;4.27.4&#8243; _module_preset=&#8220;default&#8220; global_colors_info=&#8220;{}&#8220;][et_pb_text _builder_version=&#8220;4.27.4&#8243; _module_preset=&#8220;default&#8220; global_colors_info=&#8220;{}&#8220;]Unsere IBAN :<x id=\"gid_0\"><\/x>Entspricht :<br \/>SWIFT\/BIC :<x id=\"gid_1\"><\/x>Beg\u00fcnstigter :[\/et_pb_text][\/et_pb_column][et_pb_column type=&#8220;3_4&#8243; _builder_version=&#8220;4.27.4&#8243; _module_preset=&#8220;default&#8220; global_colors_info=&#8220;{}&#8220;][et_pb_text _builder_version=&#8220;4.27.4&#8243; _module_preset=&#8220;default&#8220; global_colors_info=&#8220;{}&#8220;]CH87 8080 8007 7400 0257 0<br \/>\nRaiffeisen Schweiz Genossenschaft, Raiffeisenplatz 4, 9001 St. Gallen<br \/>\nRAIFCH22XXX \/ 80808<br \/>\nTrain Historique Yverdon &#8211; Sainte-Croix soci\u00e9t\u00e9 coop\u00e9rative, Rue de la Mauguettaz 4, 1462 Yvonand[\/et_pb_text][\/et_pb_column][\/et_pb_row][\/et_pb_section][et_pb_section fb_built=&#8220;1&#8243; admin_label=&#8220;Footer&#8220; _builder_version=&#8220;4.19.2&#8243; _module_preset=&#8220;default&#8220; background_color=&#8220;#2E363C&#8220; overflow-x=&#8220;hidden&#8220; overflow-y=&#8220;hidden&#8220; custom_padding=&#8220;0px||||false|false&#8220; saved_tabs=&#8220;all&#8220; collapsed=&#8220;on&#8220; global_colors_info=&#8220;{}&#8220;][et_pb_row _builder_version=&#8220;4.19.2&#8243; _module_preset=&#8220;default&#8220; max_width=&#8220;none&#8220; custom_padding=&#8220;0px||0px||true|false&#8220; global_colors_info=&#8220;{}&#8220;][et_pb_column type=&#8220;4_4&#8243; _builder_version=&#8220;4.19.2&#8243; _module_preset=&#8220;default&#8220; global_colors_info=&#8220;{}&#8220;][et_pb_image src=&#8220;https:\/\/thysc.ch\/wp-content\/uploads\/2025\/03\/civil-engineering-1.png&#8220; title_text=&#8220;civil-engineering-1&#8243; _builder_version=&#8220;4.27.4&#8243; _module_preset=&#8220;default&#8220; width=&#8220;8%&#8220; width_tablet=&#8220;8%&#8220; width_phone=&#8220;20%&#8220; width_last_edited=&#8220;on|phone&#8220; global_colors_info=&#8220;{}&#8220;][\/et_pb_image][\/et_pb_column][\/et_pb_row][et_pb_row column_structure=&#8220;1_3,1_3,1_3&#8243; _builder_version=&#8220;4.19.2&#8243; _module_preset=&#8220;default&#8220; global_colors_info=&#8220;{}&#8220;][et_pb_column type=&#8220;1_3&#8243; _builder_version=&#8220;4.19.2&#8243; _module_preset=&#8220;default&#8220; global_colors_info=&#8220;{}&#8220;][et_pb_text _builder_version=&#8220;4.27.4&#8243; _module_preset=&#8220;27f32c57-5737-4ecb-bd38-bd94fa7b7e46&#8243; header_4_text_color=&#8220;#FFFFFF&#8220; custom_margin=&#8220;||10px||false|false&#8220; global_colors_info=&#8220;{}&#8220;]<\/p>\n<h4>THYSC<\/h4>\n<p>[\/et_pb_text][et_pb_text _builder_version=&#8220;4.27.4&#8243; _module_preset=&#8220;c3d6fb1a-f864-48a9-a318-e0df9f29cba4&#8243; text_text_color=&#8220;#FFFFFF&#8220; global_colors_info=&#8220;{}&#8220;]<\/p>\n<p>Um die <strong>historische Lokomotive Ge 4\/4 21 zu erhalten<\/strong> und zu restaurieren und idealerweise ihren Einsatz f\u00fcr touristische Zwecke zu erm\u00f6glichen.<\/p>\n<p>[\/et_pb_text][\/et_pb_column][et_pb_column type=&#8220;1_3&#8243; _builder_version=&#8220;4.19.2&#8243; _module_preset=&#8220;default&#8220; global_colors_info=&#8220;{}&#8220;][et_pb_text _builder_version=&#8220;4.27.4&#8243; _module_preset=&#8220;27f32c57-5737-4ecb-bd38-bd94fa7b7e46&#8243; header_4_text_color=&#8220;#FFFFFF&#8220; custom_margin=&#8220;||10px||false|false&#8220; locked=&#8220;off&#8220; global_colors_info=&#8220;{}&#8220;]<\/p>\n<h4>Navigation<\/h4>\n<p>[\/et_pb_text][et_pb_text _builder_version=&#8220;4.27.4&#8243; _module_preset=&#8220;c3d6fb1a-f864-48a9-a318-e0df9f29cba4&#8243; text_text_color=&#8220;#FFFFFF&#8220; link_text_color=&#8220;#FFFFFF&#8220; custom_margin=&#8220;||10px||false|false&#8220; locked=&#8220;off&#8220; global_colors_info=&#8220;{}&#8220;]<\/p>\n<p>Startseite<\/p>\n<p>[\/et_pb_text][et_pb_text _builder_version=&#8220;4.27.4&#8243; _module_preset=&#8220;c3d6fb1a-f864-48a9-a318-e0df9f29cba4&#8243; text_text_color=&#8220;#FFFFFF&#8220; link_text_color=&#8220;#FFFFFF&#8220; custom_margin=&#8220;||10px||false|false&#8220; locked=&#8220;off&#8220; global_colors_info=&#8220;{}&#8220;]<\/p>\n<p>Wer sind wir<\/p>\n<p>[\/et_pb_text][et_pb_text _builder_version=&#8220;4.27.4&#8243; _module_preset=&#8220;c3d6fb1a-f864-48a9-a318-e0df9f29cba4&#8243; text_text_color=&#8220;#FFFFFF&#8220; link_text_color=&#8220;#FFFFFF&#8220; custom_margin=&#8220;||10px||false|false&#8220; hover_enabled=&#8220;0&#8243; locked=&#8220;off&#8220; global_colors_info=&#8220;{}&#8220; sticky_enabled=&#8220;0&#8243;]<\/p>\n<p>Die Lokomotive<\/p>\n<p>[\/et_pb_text][\/et_pb_column][et_pb_column type=&#8220;1_3&#8243; _builder_version=&#8220;4.19.2&#8243; _module_preset=&#8220;default&#8220; global_colors_info=&#8220;{}&#8220;][et_pb_text _builder_version=&#8220;4.27.4&#8243; _module_preset=&#8220;27f32c57-5737-4ecb-bd38-bd94fa7b7e46&#8243; header_4_text_color=&#8220;#FFFFFF&#8220; custom_margin=&#8220;||10px||false|false&#8220; locked=&#8220;off&#8220; global_colors_info=&#8220;{}&#8220;]<\/p>\n<h4>Schnellzugriff<\/h4>\n<p>[\/et_pb_text][et_pb_text _builder_version=&#8220;4.27.4&#8243; _module_preset=&#8220;c3d6fb1a-f864-48a9-a318-e0df9f29cba4&#8243; text_text_color=&#8220;#FFFFFF&#8220; link_text_color=&#8220;#FFFFFF&#8220; custom_margin=&#8220;||10px||false|false&#8220; locked=&#8220;off&#8220; global_colors_info=&#8220;{}&#8220;]<\/p>\n<p>Nachricht<\/p>\n<p>[\/et_pb_text][et_pb_text _builder_version=&#8220;4.27.4&#8243; _module_preset=&#8220;c3d6fb1a-f864-48a9-a318-e0df9f29cba4&#8243; text_text_color=&#8220;#FFFFFF&#8220; link_text_color=&#8220;#FFFFFF&#8220; custom_margin=&#8220;||10px||false|false&#8220; locked=&#8220;off&#8220; global_colors_info=&#8220;{}&#8220;]<\/p>\n<p>Unterst\u00fctzen Sie das Projekt<\/p>\n<p>[\/et_pb_text][et_pb_text _builder_version=&#8220;4.27.4&#8243; _module_preset=&#8220;c3d6fb1a-f864-48a9-a318-e0df9f29cba4&#8243; text_text_color=&#8220;#FFFFFF&#8220; link_text_color=&#8220;#FFFFFF&#8220; custom_margin=&#8220;||10px||false|false&#8220; locked=&#8220;off&#8220; global_colors_info=&#8220;{}&#8220;]<\/p>\n<p>Contact<\/p>\n<p>[\/et_pb_text][\/et_pb_column][\/et_pb_row][\/et_pb_section]<\/p>\n","protected":false},"excerpt":{"rendered":"<p>Eine Spende machenM\u00f6chten Sie unserer Genossenschaft eine Spende machen ?Sie k\u00f6nnen den Betrag Ihrer Spende wie folgt \u00fcberweisen : &nbsp; Von einem Schweizer Bankkonto aus 1) T\u00e4tigen Sie eine \u00dcberweisung auf unser Konto unter Verwendung der folgenden Bankdaten:Unsere IBAN :Entspricht :Beg\u00fcnstigter :CH87 8080 8007 7400 0257 0 Banque Raiffeisen Mont-Aubert Orbe, En Chamard 41C, 1442 [&hellip;]<\/p>\n","protected":false},"author":2,"featured_media":0,"parent":0,"menu_order":0,"comment_status":"closed","ping_status":"closed","template":"","meta":{"_et_pb_use_builder":"on","_et_pb_old_content":"","_et_gb_content_width":"","footnotes":""},"class_list":["post-1003","page","type-page","status-publish","hentry"],"_links":{"self":[{"href":"https:\/\/thysc.ch\/de\/wp-json\/wp\/v2\/pages\/1003","targetHints":{"allow":["GET"]}}],"collection":[{"href":"https:\/\/thysc.ch\/de\/wp-json\/wp\/v2\/pages"}],"about":[{"href":"https:\/\/thysc.ch\/de\/wp-json\/wp\/v2\/types\/page"}],"author":[{"embeddable":true,"href":"https:\/\/thysc.ch\/de\/wp-json\/wp\/v2\/users\/2"}],"replies":[{"embeddable":true,"href":"https:\/\/thysc.ch\/de\/wp-json\/wp\/v2\/comments?post=1003"}],"version-history":[{"count":2,"href":"https:\/\/thysc.ch\/de\/wp-json\/wp\/v2\/pages\/1003\/revisions"}],"predecessor-version":[{"id":1005,"href":"https:\/\/thysc.ch\/de\/wp-json\/wp\/v2\/pages\/1003\/revisions\/1005"}],"wp:attachment":[{"href":"https:\/\/thysc.ch\/de\/wp-json\/wp\/v2\/media?parent=1003"}],"curies":[{"name":"wp","href":"https:\/\/api.w.org\/{rel}","templated":true}]}}